{"id":10,"date":"2014-09-29T13:57:02","date_gmt":"2014-09-29T13:57:02","guid":{"rendered":"https:\/\/veskimetsa.ee\/WP\/?page_id=10"},"modified":"2021-07-01T13:41:50","modified_gmt":"2021-07-01T13:41:50","slug":"kontakt","status":"publish","type":"page","link":"https:\/\/veskimetsa.ee\/WP\/kontakt\/","title":{"rendered":"Kontakt"},"content":{"rendered":"<p><span style=\"color: #ff0000;\"><strong>NB<\/strong><\/span>! Palume end tundidesse registreerimiseks ning ratsatreeningute kohta info saamiseks helistada treeneritele, mitte \u00fcldtelefonile. Treeneritele v\u00f5ib kirjutada aadressil <strong><a href=\"mailto:treenerid@veskimetsa.ee\">treenerid@veskimetsa.ee<\/a><\/strong> v\u00f5i treenerite kontaktides n\u00e4idatud e-maili aadressidele.<\/p>\n<p><strong>Veskimetsa Ratsakeskus<\/strong><\/p>\n<p>Paldiski mnt. 135 13522 Tallinn<br \/>\ne-mail: info@veskimetsa.ee<\/p>\n<p><strong>Veskimetsa Tall O\u00dc<\/strong><\/p>\n<p>Paldiski mnt. 135 13522 Tallinn<br \/>\ne-mail: info@veskimetsa.ee<br \/>\nregistrikood:\u00a012890192<br \/>\npank: SWEDBANK konto:\u00a0EE822200221062495869<br \/>\n<strong>Juhataja Peeter Solman<br \/>\n<\/strong>mob.+372 514 59 72<br \/>\ne-mail: Peeter@veskimetsa.ee<\/p>\n","protected":false},"excerpt":{"rendered":"<p>NB! Palume end tundidesse registreerimiseks ning ratsatreeningute kohta info saamiseks helistada treeneritele, mitte \u00fcldtelefonile. Treeneritele v\u00f5ib kirjutada aadressil treenerid@veskimetsa.ee v\u00f5i [&hellip;]<\/p>\n","protected":false},"author":1,"featured_media":0,"parent":0,"menu_order":0,"comment_status":"closed","ping_status":"open","template":"","meta":{"site-sidebar-layout":"default","site-content-layout":"","ast-site-content-layout":"","site-content-style":"default","site-sidebar-style":"default","ast-global-header-display":"","ast-banner-title-visibility":"","ast-main-header-display":"","ast-hfb-above-header-display":"","ast-hfb-below-header-display":"","ast-hfb-mobile-header-display":"","site-post-title":"","ast-breadcrumbs-content":"","ast-featured-img":"","footer-sml-layout":"","theme-transparent-header-meta":"","adv-header-id-meta":"","stick-header-meta":"","header-above-stick-meta":"","header-main-stick-meta":"","header-below-stick-meta":"","astra-migrate-meta-layouts":"default","ast-page-background-enabled":"default","ast-page-background-meta":{"desktop":{"background-color":"var(--ast-global-color-4)","background-image":"","background-repeat":"repeat","background-position":"center center","background-size":"auto","background-attachment":"scroll","background-type":"","background-media":"","overlay-type":"","overlay-color":"","overlay-opacity":"","overlay-gradient":""},"tablet":{"background-color":"","background-image":"","background-repeat":"repeat","background-position":"center center","background-size":"auto","background-attachment":"scroll","background-type":"","background-media":"","overlay-type":"","overlay-color":"","overlay-opacity":"","overlay-gradient":""},"mobile":{"background-color":"","background-image":"","background-repeat":"repeat","background-position":"center center","background-size":"auto","background-attachment":"scroll","background-type":"","background-media":"","overlay-type":"","overlay-color":"","overlay-opacity":"","overlay-gradient":""}},"ast-content-background-meta":{"desktop":{"background-color":"var(--ast-global-color-5)","background-image":"","background-repeat":"repeat","background-position":"center center","background-size":"auto","background-attachment":"scroll","background-type":"","background-media":"","overlay-type":"","overlay-color":"","overlay-opacity":"","overlay-gradient":""},"tablet":{"background-color":"var(--ast-global-color-5)","background-image":"","background-repeat":"repeat","background-position":"center center","background-size":"auto","background-attachment":"scroll","background-type":"","background-media":"","overlay-type":"","overlay-color":"","overlay-opacity":"","overlay-gradient":""},"mobile":{"background-color":"var(--ast-global-color-5)","background-image":"","background-repeat":"repeat","background-position":"center center","background-size":"auto","background-attachment":"scroll","background-type":"","background-media":"","overlay-type":"","overlay-color":"","overlay-opacity":"","overlay-gradient":""}},"footnotes":""},"class_list":["post-10","page","type-page","status-publish","hentry"],"_links":{"self":[{"href":"https:\/\/veskimetsa.ee\/WP\/wp-json\/wp\/v2\/pages\/10","targetHints":{"allow":["GET"]}}],"collection":[{"href":"https:\/\/veskimetsa.ee\/WP\/wp-json\/wp\/v2\/pages"}],"about":[{"href":"https:\/\/veskimetsa.ee\/WP\/wp-json\/wp\/v2\/types\/page"}],"author":[{"embeddable":true,"href":"https:\/\/veskimetsa.ee\/WP\/wp-json\/wp\/v2\/users\/1"}],"replies":[{"embeddable":true,"href":"https:\/\/veskimetsa.ee\/WP\/wp-json\/wp\/v2\/comments?post=10"}],"version-history":[{"count":11,"href":"https:\/\/veskimetsa.ee\/WP\/wp-json\/wp\/v2\/pages\/10\/revisions"}],"predecessor-version":[{"id":454,"href":"https:\/\/veskimetsa.ee\/WP\/wp-json\/wp\/v2\/pages\/10\/revisions\/454"}],"wp:attachment":[{"href":"https:\/\/veskimetsa.ee\/WP\/wp-json\/wp\/v2\/media?parent=10"}],"curies":[{"name":"wp","href":"https:\/\/api.w.org\/{rel}","templated":true}]}}