{"id":13,"date":"2014-09-29T13:58:57","date_gmt":"2014-09-29T13:58:57","guid":{"rendered":"https:\/\/veskimetsa.ee\/WP\/?page_id=13"},"modified":"2019-08-01T14:35:17","modified_gmt":"2019-08-01T14:35:17","slug":"teenused","status":"publish","type":"page","link":"https:\/\/veskimetsa.ee\/WP\/teenused\/","title":{"rendered":"Teenused"},"content":{"rendered":"<p>Ratsakeskus pakub oma klientidele esinevaid hobustega seotud teenuseid<br \/>\nK\u00f5ige populaarsem on muidugi ratsutamine.<br \/>\n\u00dcha enam kogub populaarsust ka s\u00fcnnip\u00e4evade pidamine.<br \/>\nLoomulikult on v\u00f5imalik oma suur lemmikloom tuua meie talli elama.<\/p>\n<p>K\u00f5ikide&nbsp;teenuste kohta saate t\u00e4psemalt lugeda, kui vajutate vastava lingi peale \u00fcleval men\u00fc\u00fcs.<\/p>\n","protected":false},"excerpt":{"rendered":"<p>Ratsakeskus pakub oma klientidele esinevaid hobustega seotud teenuseid K\u00f5ige populaarsem on muidugi ratsutamine. \u00dcha enam kogub populaarsust ka s\u00fcnnip\u00e4evade pidamine. [&hellip;]<\/p>\n","protected":false},"author":1,"featured_media":0,"parent":0,"menu_order":0,"comment_status":"closed","ping_status":"open","template":"","meta":{"site-sidebar-layout":"default","site-content-layout":"","ast-site-content-layout":"","site-content-style":"default","site-sidebar-style":"default","ast-global-header-display":"","ast-banner-title-visibility":"","ast-main-header-display":"","ast-hfb-above-header-display":"","ast-hfb-below-header-display":"","ast-hfb-mobile-header-display":"","site-post-title":"","ast-breadcrumbs-content":"","ast-featured-img":"","footer-sml-layout":"","theme-transparent-header-meta":"","adv-header-id-meta":"","stick-header-meta":"","header-above-stick-meta":"","header-main-stick-meta":"","header-below-stick-meta":"","astra-migrate-meta-layouts":"default","ast-page-background-enabled":"default","ast-page-background-meta":{"desktop":{"background-color":"var(--ast-global-color-4)","background-image":"","background-repeat":"repeat","background-position":"center center","background-size":"auto","background-attachment":"scroll","background-type":"","background-media":"","overlay-type":"","overlay-color":"","overlay-opacity":"","overlay-gradient":""},"tablet":{"background-color":"","background-image":"","background-repeat":"repeat","background-position":"center center","background-size":"auto","background-attachment":"scroll","background-type":"","background-media":"","overlay-type":"","overlay-color":"","overlay-opacity":"","overlay-gradient":""},"mobile":{"background-color":"","background-image":"","background-repeat":"repeat","background-position":"center center","background-size":"auto","background-attachment":"scroll","background-type":"","background-media":"","overlay-type":"","overlay-color":"","overlay-opacity":"","overlay-gradient":""}},"ast-content-background-meta":{"desktop":{"background-color":"var(--ast-global-color-5)","background-image":"","background-repeat":"repeat","background-position":"center center","background-size":"auto","background-attachment":"scroll","background-type":"","background-media":"","overlay-type":"","overlay-color":"","overlay-opacity":"","overlay-gradient":""},"tablet":{"background-color":"var(--ast-global-color-5)","background-image":"","background-repeat":"repeat","background-position":"center center","background-size":"auto","background-attachment":"scroll","background-type":"","background-media":"","overlay-type":"","overlay-color":"","overlay-opacity":"","overlay-gradient":""},"mobile":{"background-color":"var(--ast-global-color-5)","background-image":"","background-repeat":"repeat","background-position":"center center","background-size":"auto","background-attachment":"scroll","background-type":"","background-media":"","overlay-type":"","overlay-color":"","overlay-opacity":"","overlay-gradient":""}},"footnotes":""},"class_list":["post-13","page","type-page","status-publish","hentry"],"_links":{"self":[{"href":"https:\/\/veskimetsa.ee\/WP\/wp-json\/wp\/v2\/pages\/13","targetHints":{"allow":["GET"]}}],"collection":[{"href":"https:\/\/veskimetsa.ee\/WP\/wp-json\/wp\/v2\/pages"}],"about":[{"href":"https:\/\/veskimetsa.ee\/WP\/wp-json\/wp\/v2\/types\/page"}],"author":[{"embeddable":true,"href":"https:\/\/veskimetsa.ee\/WP\/wp-json\/wp\/v2\/users\/1"}],"replies":[{"embeddable":true,"href":"https:\/\/veskimetsa.ee\/WP\/wp-json\/wp\/v2\/comments?post=13"}],"version-history":[{"count":4,"href":"https:\/\/veskimetsa.ee\/WP\/wp-json\/wp\/v2\/pages\/13\/revisions"}],"predecessor-version":[{"id":355,"href":"https:\/\/veskimetsa.ee\/WP\/wp-json\/wp\/v2\/pages\/13\/revisions\/355"}],"wp:attachment":[{"href":"https:\/\/veskimetsa.ee\/WP\/wp-json\/wp\/v2\/media?parent=13"}],"curies":[{"name":"wp","href":"https:\/\/api.w.org\/{rel}","templated":true}]}}