{"id":264,"date":"2015-12-08T15:37:21","date_gmt":"2015-12-08T15:37:21","guid":{"rendered":"http:\/\/veskimetsa.ee\/?page_id=264"},"modified":"2026-04-17T11:40:49","modified_gmt":"2026-04-17T11:40:49","slug":"dokumendid","status":"publish","type":"page","link":"https:\/\/veskimetsa.ee\/WP\/dokumendid\/","title":{"rendered":"Dokumendid"},"content":{"rendered":"<p><a href=\"https:\/\/veskimetsa.ee\/WP\/wp-content\/uploads\/2026\/04\/Veskimetsa-Tall-OU-sisekorra-eeskiri-aprill-26.pdf\">Sisekorra eeskiri 2026<\/a><\/p>\n<p><a href=\"https:\/\/veskimetsa.ee\/WP\/wp-content\/uploads\/2015\/12\/Hobujalutuse_eeskiri_2015.pdf\" rel=\"\">Hobujalutuse_eeskiri_2015<\/a><\/p>\n<p>Hobuse \u00fclalpidamise t\u00fc\u00fcpleping &#8211; t\u00e4iendamisel hetkel.<\/p>\n","protected":false},"excerpt":{"rendered":"<p>Sisekorra eeskiri 2026 Hobujalutuse_eeskiri_2015 Hobuse \u00fclalpidamise t\u00fc\u00fcpleping &#8211; t\u00e4iendamisel hetkel.<\/p>\n","protected":false},"author":2,"featured_media":0,"parent":0,"menu_order":0,"comment_status":"closed","ping_status":"closed","template":"","meta":{"site-sidebar-layout":"default","site-content-layout":"","ast-site-content-layout":"","site-content-style":"default","site-sidebar-style":"default","ast-global-header-display":"","ast-banner-title-visibility":"","ast-main-header-display":"","ast-hfb-above-header-display":"","ast-hfb-below-header-display":"","ast-hfb-mobile-header-display":"","site-post-title":"","ast-breadcrumbs-content":"","ast-featured-img":"","footer-sml-layout":"","theme-transparent-header-meta":"","adv-header-id-meta":"","stick-header-meta":"","header-above-stick-meta":"","header-main-stick-meta":"","header-below-stick-meta":"","astra-migrate-meta-layouts":"default","ast-page-background-enabled":"default","ast-page-background-meta":{"desktop":{"background-color":"var(--ast-global-color-4)","background-image":"","background-repeat":"repeat","background-position":"center center","background-size":"auto","background-attachment":"scroll","background-type":"","background-media":"","overlay-type":"","overlay-color":"","overlay-opacity":"","overlay-gradient":""},"tablet":{"background-color":"","background-image":"","background-repeat":"repeat","background-position":"center center","background-size":"auto","background-attachment":"scroll","background-type":"","background-media":"","overlay-type":"","overlay-color":"","overlay-opacity":"","overlay-gradient":""},"mobile":{"background-color":"","background-image":"","background-repeat":"repeat","background-position":"center center","background-size":"auto","background-attachment":"scroll","background-type":"","background-media":"","overlay-type":"","overlay-color":"","overlay-opacity":"","overlay-gradient":""}},"ast-content-background-meta":{"desktop":{"background-color":"var(--ast-global-color-5)","background-image":"","background-repeat":"repeat","background-position":"center center","background-size":"auto","background-attachment":"scroll","background-type":"","background-media":"","overlay-type":"","overlay-color":"","overlay-opacity":"","overlay-gradient":""},"tablet":{"background-color":"var(--ast-global-color-5)","background-image":"","background-repeat":"repeat","background-position":"center center","background-size":"auto","background-attachment":"scroll","background-type":"","background-media":"","overlay-type":"","overlay-color":"","overlay-opacity":"","overlay-gradient":""},"mobile":{"background-color":"var(--ast-global-color-5)","background-image":"","background-repeat":"repeat","background-position":"center center","background-size":"auto","background-attachment":"scroll","background-type":"","background-media":"","overlay-type":"","overlay-color":"","overlay-opacity":"","overlay-gradient":""}},"footnotes":""},"class_list":["post-264","page","type-page","status-publish","hentry"],"_links":{"self":[{"href":"https:\/\/veskimetsa.ee\/WP\/wp-json\/wp\/v2\/pages\/264","targetHints":{"allow":["GET"]}}],"collection":[{"href":"https:\/\/veskimetsa.ee\/WP\/wp-json\/wp\/v2\/pages"}],"about":[{"href":"https:\/\/veskimetsa.ee\/WP\/wp-json\/wp\/v2\/types\/page"}],"author":[{"embeddable":true,"href":"https:\/\/veskimetsa.ee\/WP\/wp-json\/wp\/v2\/users\/2"}],"replies":[{"embeddable":true,"href":"https:\/\/veskimetsa.ee\/WP\/wp-json\/wp\/v2\/comments?post=264"}],"version-history":[{"count":4,"href":"https:\/\/veskimetsa.ee\/WP\/wp-json\/wp\/v2\/pages\/264\/revisions"}],"predecessor-version":[{"id":561,"href":"https:\/\/veskimetsa.ee\/WP\/wp-json\/wp\/v2\/pages\/264\/revisions\/561"}],"wp:attachment":[{"href":"https:\/\/veskimetsa.ee\/WP\/wp-json\/wp\/v2\/media?parent=264"}],"curies":[{"name":"wp","href":"https:\/\/api.w.org\/{rel}","templated":true}]}}