{"id":43,"date":"2014-09-29T16:34:35","date_gmt":"2014-09-29T16:34:35","guid":{"rendered":"https:\/\/veskimetsa.ee\/WP\/?page_id=43"},"modified":"2022-05-27T12:40:47","modified_gmt":"2022-05-27T12:40:47","slug":"ratsutamine","status":"publish","type":"page","link":"https:\/\/veskimetsa.ee\/WP\/ratsutamine\/","title":{"rendered":"Ratsutamine"},"content":{"rendered":"<p>Selleks, et tulla ratsutamistrenni, tuleb teil eelnevalt registreeruda.<br \/>\nSeda saate teha, kui kirjutate treenerite \u00fcldmeili aadressile\u00a0<a href=\"mailto:treenerid@veskimetsa.ee\">treenerid@veskimetsa.ee<\/a><br \/>\nAlla 18-aastased peaksid liikuma Ratsaspordikooli lehele ja tutvuma sealse infoga: <a href=\"http:\/\/www.ratsaspordikool.ee\">www.ratsaspordikool.ee<\/a><br \/>\nOma kirjas m\u00e4rkige<\/p>\n<ul>\n<li>oma vanus<\/li>\n<li>eelnev ratsutamiskogemus (tase, treener, koht, kus ratsutasite)<\/li>\n<\/ul>\n<p>Kui soovite konkreetselt m\u00f5ne treeneriga \u00fchendust v\u00f5tta, siis k\u00f5igi Ratsakeskuses t\u00f6\u00f6tavate treenerite kontaktid leiate lingilt TREENERID<\/p>\n<p><strong>Kes v\u00f5ivad ratsutada?<br \/>\n<\/strong> Ratsatunde antakse pea igas vanuses ja oskustasemel klientidele. Selleks on ratsakeskusel \u00f5ppehobused ja ponid.<\/p>\n<p><strong>Millal saab?<\/strong><br \/>\nGrupitunnid toimuvad iga p\u00e4ev &#8211; \u00a0alates pealel\u00f5unast t\u00f6\u00f6p\u00e4evadel ja hommikupoolikuti n\u00e4dalavahetustel. Tunniplaani saate vaadata lingilt TUNNIPLAAN<br \/>\nEratunnid toimuvad treeneriga kokkuleppel ja tunniplaani v\u00e4liselt.<\/p>\n<p><strong>Kus ratsutatakse?<\/strong><br \/>\nTalvel ratsutame sisehallis, suvel \u00f5ues v\u00e4liplatsidel.<\/p>\n<p><strong>Algajale ratsanikule:<\/strong><br \/>\nEsmakordselt ratsutama tulles riietu mugavalt ning v\u00f5ta kaasa hea tuju, turvakiivri saab algul kohapealt. Ka suvel peaksid olema ratsanikul pikad p\u00fcksid. Treenerid valivad igale ratsanikule tema kogemusi ja omadusi silmas pidades sobivaima hobuse.<br \/>\nEsimesed tunnid peavad toimuma individuaalselt kuni ratsanik saab iseseisvalt hobusega hakkama ja suudab j\u00e4lgida ohutustehnika n\u00f5udeid nii sadulas, kui maapeal.<\/p>\n<p>Toredaid ratsutamiselamusi!<\/p>\n","protected":false},"excerpt":{"rendered":"<p>Selleks, et tulla ratsutamistrenni, tuleb teil eelnevalt registreeruda. Seda saate teha, kui kirjutate treenerite \u00fcldmeili aadressile\u00a0treenerid@veskimetsa.ee Alla 18-aastased peaksid liikuma [&hellip;]<\/p>\n","protected":false},"author":2,"featured_media":0,"parent":0,"menu_order":0,"comment_status":"closed","ping_status":"open","template":"","meta":{"site-sidebar-layout":"default","site-content-layout":"","ast-site-content-layout":"","site-content-style":"default","site-sidebar-style":"default","ast-global-header-display":"","ast-banner-title-visibility":"","ast-main-header-display":"","ast-hfb-above-header-display":"","ast-hfb-below-header-display":"","ast-hfb-mobile-header-display":"","site-post-title":"","ast-breadcrumbs-content":"","ast-featured-img":"","footer-sml-layout":"","theme-transparent-header-meta":"","adv-header-id-meta":"","stick-header-meta":"","header-above-stick-meta":"","header-main-stick-meta":"","header-below-stick-meta":"","astra-migrate-meta-layouts":"default","ast-page-background-enabled":"default","ast-page-background-meta":{"desktop":{"background-color":"var(--ast-global-color-4)","background-image":"","background-repeat":"repeat","background-position":"center center","background-size":"auto","background-attachment":"scroll","background-type":"","background-media":"","overlay-type":"","overlay-color":"","overlay-opacity":"","overlay-gradient":""},"tablet":{"background-color":"","background-image":"","background-repeat":"repeat","background-position":"center center","background-size":"auto","background-attachment":"scroll","background-type":"","background-media":"","overlay-type":"","overlay-color":"","overlay-opacity":"","overlay-gradient":""},"mobile":{"background-color":"","background-image":"","background-repeat":"repeat","background-position":"center center","background-size":"auto","background-attachment":"scroll","background-type":"","background-media":"","overlay-type":"","overlay-color":"","overlay-opacity":"","overlay-gradient":""}},"ast-content-background-meta":{"desktop":{"background-color":"var(--ast-global-color-5)","background-image":"","background-repeat":"repeat","background-position":"center center","background-size":"auto","background-attachment":"scroll","background-type":"","background-media":"","overlay-type":"","overlay-color":"","overlay-opacity":"","overlay-gradient":""},"tablet":{"background-color":"var(--ast-global-color-5)","background-image":"","background-repeat":"repeat","background-position":"center center","background-size":"auto","background-attachment":"scroll","background-type":"","background-media":"","overlay-type":"","overlay-color":"","overlay-opacity":"","overlay-gradient":""},"mobile":{"background-color":"var(--ast-global-color-5)","background-image":"","background-repeat":"repeat","background-position":"center center","background-size":"auto","background-attachment":"scroll","background-type":"","background-media":"","overlay-type":"","overlay-color":"","overlay-opacity":"","overlay-gradient":""}},"footnotes":""},"class_list":["post-43","page","type-page","status-publish","hentry"],"_links":{"self":[{"href":"https:\/\/veskimetsa.ee\/WP\/wp-json\/wp\/v2\/pages\/43","targetHints":{"allow":["GET"]}}],"collection":[{"href":"https:\/\/veskimetsa.ee\/WP\/wp-json\/wp\/v2\/pages"}],"about":[{"href":"https:\/\/veskimetsa.ee\/WP\/wp-json\/wp\/v2\/types\/page"}],"author":[{"embeddable":true,"href":"https:\/\/veskimetsa.ee\/WP\/wp-json\/wp\/v2\/users\/2"}],"replies":[{"embeddable":true,"href":"https:\/\/veskimetsa.ee\/WP\/wp-json\/wp\/v2\/comments?post=43"}],"version-history":[{"count":4,"href":"https:\/\/veskimetsa.ee\/WP\/wp-json\/wp\/v2\/pages\/43\/revisions"}],"predecessor-version":[{"id":490,"href":"https:\/\/veskimetsa.ee\/WP\/wp-json\/wp\/v2\/pages\/43\/revisions\/490"}],"wp:attachment":[{"href":"https:\/\/veskimetsa.ee\/WP\/wp-json\/wp\/v2\/media?parent=43"}],"curies":[{"name":"wp","href":"https:\/\/api.w.org\/{rel}","templated":true}]}}