{"id":45,"date":"2014-09-29T17:00:40","date_gmt":"2014-09-29T17:00:40","guid":{"rendered":"https:\/\/veskimetsa.ee\/WP\/?page_id=45"},"modified":"2025-12-15T14:06:21","modified_gmt":"2025-12-15T14:06:21","slug":"sunnipaevade-pidamine","status":"publish","type":"page","link":"https:\/\/veskimetsa.ee\/WP\/sunnipaevade-pidamine\/","title":{"rendered":"S\u00fcnnip\u00e4evade pidamine"},"content":{"rendered":"<p>\u00dcha rohkem kogub populaarsust laste, eriti 5-8 aastaste laste s\u00fcnnip\u00e4evade pidamine Ratsakeskuses.<br \/>\nSelleks oleme kokku pannud 2 erinevat paketti, mis erinevad nii aja, kui hinna poolest.<\/p>\n<p><strong>Programmiosad<\/strong><br \/>\n<span style=\"text-decoration: underline;\">Talliekskursioon<\/span> \u2013 vaatame \u00fcle meie tallides elavad hobused ja ponid. Milline on hobuse kodu, milline tema p\u00e4evakava, mida ta s\u00f6\u00f6b, kuidas magab? Kes on v\u00f5istlustel palju auhindu v\u00f5itnud. Kes on k\u00f5ige k\u00f5rgem, kes on k\u00f5ige v\u00e4iksem? Milline on \u201ejuuksuri juurest tulnud\u201d hobune? Neile ja paljudele teistele k\u00fcsimustele vastavad ratsakeskuse t\u00f6\u00f6tajad.<br \/>\n<span style=\"text-decoration: underline;\">Harjutame harjamist<\/span> &#8211; pakume lastele ainulaadset v\u00f5imalust l\u00e4hedalt n\u00e4ha, kuidas hobust enne s\u00f5itu harjama peab, ning laseme iga\u00fchel juhendamise saatel j\u00e4rele proovida, kas see on sama lihtne kui paistab v\u00f5i on see hoopis keeruline t\u00f6\u00f6.<br \/>\n<span style=\"text-decoration: underline;\">Ratsutamine<\/span> \u2013 S\u00fcnnip\u00e4evadel on v\u00f5imalik ratsutada hobusel v\u00f5i ponil. Hobuste arvu \u00fcle otsustate teie, kuid v\u00f5ime anda ka omad soovitused. Jalutavad ratsakeskuse t\u00f6\u00f6tajad v\u00f5i kogenumad \u00f5pilased. Kel julgust, saab lisaks sammule proovida ka veidi kiiremat liikumist \u2013 traavi. Kestvus 45 min.<br \/>\nNB! Palun tutvuge ka <a href=\"http:\/\/veskimetsa.ee\/dokumendid\/\" target=\"_blank\" rel=\"noopener noreferrer\">poni\/hobujalutuse eeskirjadega<\/a>!<br \/>\n<span style=\"text-decoration: underline;\">Ruumid, s\u00f6\u00f6gid<\/span> &#8211; s\u00fcnnip\u00e4eva peoruumiks on meil v\u00e4lja pakkuda\u00a0hoovipealne k\u00fclalistemaja\u00a0koos k\u00f6\u00f6gi ja vajaliku k\u00f6\u00f6gitehnikaga (pliit, ahi, mikroahi, kohvi- ja veekeetja, k\u00fclmik, kausid, kannud jms).\u00a0Suvel, kui ilmad on ilusad, saab laua katta ka \u00f5ue ja kogu pidu pidada hoopis v\u00e4ljas muru peal. V\u00e4ljas on v\u00f5imalik ka grillida.<br \/>\n<span style=\"text-decoration: underline;\">Pidulaua<\/span> katab pereema ise, v\u00f5ttes omal valikul kaasa k\u00f5ike, mis meeldib. Kaasa soovitame v\u00f5tta pappn\u00f5ud.<\/p>\n<p><strong>Broneerimine<\/strong> Peo pidamiseks palume paar n\u00e4dalat varem uurida, millised v\u00f5imalused on \u00fcrituse pidamiseks teie poolt soovitud kuup\u00e4eval ning teavitada meid oma soovidest. L\u00fchim etteteatamise aeg on 7 p\u00e4eva.<\/p>\n<p>Selleks kirjutage meile vabas vormis kiri, mis postitage aadressil <a href=\"mailto:Irina@veskimetsa.ee\">Irina@veskimetsa.ee<\/a><br \/>\nKirjas oleks hea m\u00e4rkida \u00e4ra:<\/p>\n<ol>\n<li>Millised ajad teid s\u00fcnnip\u00e4eva pidamisel huvitaks (kuup\u00e4evad, kellaajad)<\/li>\n<li>Kui vanad on lapsed<\/li>\n<li>Kui palju on osav\u00f5tjaid ja kas on ka t\u00e4iskasvanuid<\/li>\n<li>Millised on erisoovid, lisasoovid<\/li>\n<li>Teie kontaktandmed<\/li>\n<\/ol>\n<p><strong>Paketid ja hinnad<\/strong> Kuna laste arv ning vanus m\u00f5jutavad peo \u00fclesehitust, oleme s\u00fcnnip\u00e4evad jaganud kaheks. Kuigi k\u00f5igis on peaaegu samasugused tegevused, on vahe eelk\u00f5ige tegevuste pikkuses ja olemuses. V\u00e4iksematele lastele ei ole m\u00f5tet teha liiga pikka talliekskursiooni, kus nad kuulamisest v\u00e4sivad.<\/p>\n<p><em><strong>L\u00fchike s\u00fcnnip\u00e4ev<\/strong> <\/em>on asjalik ja konkreetne. L\u00fchikese s\u00fcnnip\u00e4eva kasuks v\u00f5iksid otsustada vanemad, kelle lapsed on umbes 4-7.aastased ja keda huvitab pigem hobustega tutvumine.<br \/>\nL\u00fchike s\u00fcnnip\u00e4ev sisaldab: ratsutamine, talliekskursioon, ruumide rent<br \/>\nKestvus: 2 tundi<br \/>\nBaashind on 208 EUR. Sisaldab \u00fcrituse eelorganiseerimist, l\u00e4biviimist, ruumide renti, talliekskursiooni, ratsutamist 1 hobuse\/poniga.<\/p>\n<p>Pikemad s\u00fcnnip\u00e4evad meeldiksid kindlasti rohkem 10. aastastele ja vanematele, kellel on rohkem p\u00fcsivust huvitavate asjade kuulamiseks ja j\u00e4lgimiseks ning ka pikema koosolemise nautimiseks.<\/p>\n<p><strong><em>Pikk s\u00fcnnip\u00e4ev<\/em><br \/>\n<\/strong>Sisaldab: ratsutamine, talliekskursioon, pildim\u00e4ng, hobuste harjamine, ruumide rent<br \/>\nKestvus: 3 tundi<br \/>\nBaashind on 249 EUR. Sisaldab \u00fcrituse eelorganiseerimist, l\u00e4biviimist, ruumide renti, talliekskursiooni, m\u00e4ngu, harjamist, ratsutamist 1 hobuse\/poniga.<\/p>\n<p>Juhul, kui osalejaid on \u00fcle 7, soovitame ratsutamiseks planeerida rohkem, kui 1 hobune\/poni.<br \/>\nSel juhul lisandub hinnale iga lisa hobuse\/poni eest 40 EUR tund.<\/p>\n<p>Hinnad sisaldavad k\u00e4ibemaksu.<\/p>\n","protected":false},"excerpt":{"rendered":"<p>\u00dcha rohkem kogub populaarsust laste, eriti 5-8 aastaste laste s\u00fcnnip\u00e4evade pidamine Ratsakeskuses. Selleks oleme kokku pannud 2 erinevat paketti, mis [&hellip;]<\/p>\n","protected":false},"author":2,"featured_media":0,"parent":0,"menu_order":0,"comment_status":"closed","ping_status":"open","template":"","meta":{"site-sidebar-layout":"default","site-content-layout":"","ast-site-content-layout":"","site-content-style":"default","site-sidebar-style":"default","ast-global-header-display":"","ast-banner-title-visibility":"","ast-main-header-display":"","ast-hfb-above-header-display":"","ast-hfb-below-header-display":"","ast-hfb-mobile-header-display":"","site-post-title":"","ast-breadcrumbs-content":"","ast-featured-img":"","footer-sml-layout":"","theme-transparent-header-meta":"","adv-header-id-meta":"","stick-header-meta":"","header-above-stick-meta":"","header-main-stick-meta":"","header-below-stick-meta":"","astra-migrate-meta-layouts":"default","ast-page-background-enabled":"default","ast-page-background-meta":{"desktop":{"background-color":"var(--ast-global-color-4)","background-image":"","background-repeat":"repeat","background-position":"center center","background-size":"auto","background-attachment":"scroll","background-type":"","background-media":"","overlay-type":"","overlay-color":"","overlay-opacity":"","overlay-gradient":""},"tablet":{"background-color":"","background-image":"","background-repeat":"repeat","background-position":"center center","background-size":"auto","background-attachment":"scroll","background-type":"","background-media":"","overlay-type":"","overlay-color":"","overlay-opacity":"","overlay-gradient":""},"mobile":{"background-color":"","background-image":"","background-repeat":"repeat","background-position":"center center","background-size":"auto","background-attachment":"scroll","background-type":"","background-media":"","overlay-type":"","overlay-color":"","overlay-opacity":"","overlay-gradient":""}},"ast-content-background-meta":{"desktop":{"background-color":"var(--ast-global-color-5)","background-image":"","background-repeat":"repeat","background-position":"center center","background-size":"auto","background-attachment":"scroll","background-type":"","background-media":"","overlay-type":"","overlay-color":"","overlay-opacity":"","overlay-gradient":""},"tablet":{"background-color":"var(--ast-global-color-5)","background-image":"","background-repeat":"repeat","background-position":"center center","background-size":"auto","background-attachment":"scroll","background-type":"","background-media":"","overlay-type":"","overlay-color":"","overlay-opacity":"","overlay-gradient":""},"mobile":{"background-color":"var(--ast-global-color-5)","background-image":"","background-repeat":"repeat","background-position":"center center","background-size":"auto","background-attachment":"scroll","background-type":"","background-media":"","overlay-type":"","overlay-color":"","overlay-opacity":"","overlay-gradient":""}},"footnotes":""},"class_list":["post-45","page","type-page","status-publish","hentry"],"_links":{"self":[{"href":"https:\/\/veskimetsa.ee\/WP\/wp-json\/wp\/v2\/pages\/45","targetHints":{"allow":["GET"]}}],"collection":[{"href":"https:\/\/veskimetsa.ee\/WP\/wp-json\/wp\/v2\/pages"}],"about":[{"href":"https:\/\/veskimetsa.ee\/WP\/wp-json\/wp\/v2\/types\/page"}],"author":[{"embeddable":true,"href":"https:\/\/veskimetsa.ee\/WP\/wp-json\/wp\/v2\/users\/2"}],"replies":[{"embeddable":true,"href":"https:\/\/veskimetsa.ee\/WP\/wp-json\/wp\/v2\/comments?post=45"}],"version-history":[{"count":14,"href":"https:\/\/veskimetsa.ee\/WP\/wp-json\/wp\/v2\/pages\/45\/revisions"}],"predecessor-version":[{"id":554,"href":"https:\/\/veskimetsa.ee\/WP\/wp-json\/wp\/v2\/pages\/45\/revisions\/554"}],"wp:attachment":[{"href":"https:\/\/veskimetsa.ee\/WP\/wp-json\/wp\/v2\/media?parent=45"}],"curies":[{"name":"wp","href":"https:\/\/api.w.org\/{rel}","templated":true}]}}