{"id":54,"date":"2014-09-29T19:35:22","date_gmt":"2014-09-29T19:35:22","guid":{"rendered":"http:\/\/veskimetsa.ee\/?page_id=54"},"modified":"2021-07-01T14:14:23","modified_gmt":"2021-07-01T14:14:23","slug":"esileht","status":"publish","type":"page","link":"https:\/\/veskimetsa.ee\/WP\/","title":{"rendered":"Keskusest"},"content":{"rendered":"<p><span style=\"color: #000000;\">Ratsutamistreeninguid t\u00e4iskasvanutele korraldab Veskimetsa Tall O\u00dc ja infot leiate sellelt kodulehelt!<br \/>\nRatsutamistreeninguid lastele korraldab SA Tallinna Ratsaspordikool. <\/span><br \/>\n<span style=\"color: #000000;\">Palun lugege infot Kooli kodulehelt <a style=\"color: #000000;\" href=\"http:\/\/ratsaspordikool.ee\/\" target=\"_blank\" rel=\"noopener noreferrer\">www.ratsaspordikool.ee<\/a><\/span><\/p>\n<p>Veskimetsa Ratsakeskus on Tallinna suurim ratsakeskus, koondades umbes 70 hobust ning k\u00f5iki ratsutamiseks ja hobusepidamiseks vajalikke rajatisi.<img loading=\"lazy\" decoding=\"async\" class=\"alignright wp-image-80 size-medium\" src=\"https:\/\/veskimetsa.ee\/WP\/wp-content\/uploads\/2014\/09\/vaade_peamajale-300x225.jpg\" alt=\"\" width=\"300\" height=\"225\" srcset=\"https:\/\/veskimetsa.ee\/WP\/wp-content\/uploads\/2014\/09\/vaade_peamajale-300x225.jpg 300w, https:\/\/veskimetsa.ee\/WP\/wp-content\/uploads\/2014\/09\/vaade_peamajale.jpg 500w\" sizes=\"auto, (max-width: 300px) 100vw, 300px\" \/><br \/>\nMeie p\u00f5hitegevusteks on t\u00e4iskasvanute ratsutamistundide\u00a0korraldamine ning hobusekohtade rentimine, lisaks korraldame s\u00fcnnip\u00e4evi ja talliekskursioone ning organiseerime koost\u00f6\u00f6s Eesti Ratsaspordi Liidu jm organisatsioonidega hobustealaseid seminare, ja koolitusi.<br \/>\nMeil on suurep\u00e4rane asukoht keset Tallinna linna, paikneme Loomaaia k\u00f5rval Paldiski maantee \u00e4\u00e4res, \u00fcmbritsetuna rohelusest.<br \/>\nKel sooviks hobuste tegemistele pilku heita, ratsutamist \u00f5ppida, oma juba olemasolevaid oskusi selles vallas lihvida v\u00f5i oma hobusega uude koju kolida, on teretulnud seitse p\u00e4eva n\u00e4dalas.<\/p>\n","protected":false},"excerpt":{"rendered":"<p>Ratsutamistreeninguid t\u00e4iskasvanutele korraldab Veskimetsa Tall O\u00dc ja infot leiate sellelt kodulehelt! Ratsutamistreeninguid lastele korraldab SA Tallinna Ratsaspordikool. Palun lugege infot [&hellip;]<\/p>\n","protected":false},"author":1,"featured_media":0,"parent":0,"menu_order":0,"comment_status":"closed","ping_status":"open","template":"page-templates\/page-right.php","meta":{"site-sidebar-layout":"default","site-content-layout":"","ast-site-content-layout":"","site-content-style":"default","site-sidebar-style":"default","ast-global-header-display":"","ast-banner-title-visibility":"","ast-main-header-display":"","ast-hfb-above-header-display":"","ast-hfb-below-header-display":"","ast-hfb-mobile-header-display":"","site-post-title":"","ast-breadcrumbs-content":"","ast-featured-img":"","footer-sml-layout":"","theme-transparent-header-meta":"","adv-header-id-meta":"","stick-header-meta":"","header-above-stick-meta":"","header-main-stick-meta":"","header-below-stick-meta":"","astra-migrate-meta-layouts":"default","ast-page-background-enabled":"default","ast-page-background-meta":{"desktop":{"background-color":"var(--ast-global-color-4)","background-image":"","background-repeat":"repeat","background-position":"center center","background-size":"auto","background-attachment":"scroll","background-type":"","background-media":"","overlay-type":"","overlay-color":"","overlay-opacity":"","overlay-gradient":""},"tablet":{"background-color":"","background-image":"","background-repeat":"repeat","background-position":"center center","background-size":"auto","background-attachment":"scroll","background-type":"","background-media":"","overlay-type":"","overlay-color":"","overlay-opacity":"","overlay-gradient":""},"mobile":{"background-color":"","background-image":"","background-repeat":"repeat","background-position":"center center","background-size":"auto","background-attachment":"scroll","background-type":"","background-media":"","overlay-type":"","overlay-color":"","overlay-opacity":"","overlay-gradient":""}},"ast-content-background-meta":{"desktop":{"background-color":"var(--ast-global-color-5)","background-image":"","background-repeat":"repeat","background-position":"center center","background-size":"auto","background-attachment":"scroll","background-type":"","background-media":"","overlay-type":"","overlay-color":"","overlay-opacity":"","overlay-gradient":""},"tablet":{"background-color":"var(--ast-global-color-5)","background-image":"","background-repeat":"repeat","background-position":"center center","background-size":"auto","background-attachment":"scroll","background-type":"","background-media":"","overlay-type":"","overlay-color":"","overlay-opacity":"","overlay-gradient":""},"mobile":{"background-color":"var(--ast-global-color-5)","background-image":"","background-repeat":"repeat","background-position":"center center","background-size":"auto","background-attachment":"scroll","background-type":"","background-media":"","overlay-type":"","overlay-color":"","overlay-opacity":"","overlay-gradient":""}},"footnotes":""},"class_list":["post-54","page","type-page","status-publish","hentry"],"_links":{"self":[{"href":"https:\/\/veskimetsa.ee\/WP\/wp-json\/wp\/v2\/pages\/54","targetHints":{"allow":["GET"]}}],"collection":[{"href":"https:\/\/veskimetsa.ee\/WP\/wp-json\/wp\/v2\/pages"}],"about":[{"href":"https:\/\/veskimetsa.ee\/WP\/wp-json\/wp\/v2\/types\/page"}],"author":[{"embeddable":true,"href":"https:\/\/veskimetsa.ee\/WP\/wp-json\/wp\/v2\/users\/1"}],"replies":[{"embeddable":true,"href":"https:\/\/veskimetsa.ee\/WP\/wp-json\/wp\/v2\/comments?post=54"}],"version-history":[{"count":25,"href":"https:\/\/veskimetsa.ee\/WP\/wp-json\/wp\/v2\/pages\/54\/revisions"}],"predecessor-version":[{"id":460,"href":"https:\/\/veskimetsa.ee\/WP\/wp-json\/wp\/v2\/pages\/54\/revisions\/460"}],"wp:attachment":[{"href":"https:\/\/veskimetsa.ee\/WP\/wp-json\/wp\/v2\/media?parent=54"}],"curies":[{"name":"wp","href":"https:\/\/api.w.org\/{rel}","templated":true}]}}