{"id":7,"date":"2014-09-29T15:17:11","date_gmt":"2014-09-29T15:17:11","guid":{"rendered":"https:\/\/veskimetsa.ee\/WP\/?page_id=7"},"modified":"2025-07-03T16:24:37","modified_gmt":"2025-07-03T16:24:37","slug":"hinnakiri","status":"publish","type":"page","link":"https:\/\/veskimetsa.ee\/WP\/hinnakiri\/","title":{"rendered":"HINNAKIRI"},"content":{"rendered":"<p><span style=\"color: #ff0000;\"><strong>LASTE<\/strong> ratsutamistunde korraldab Tallinna Ratsaspordikool.<\/span><br \/>\n<span style=\"color: #ff0000;\"> Allolevas tabelist on hinnad ainult t\u00e4iskasvanutele. Laste ratsutamistingimused, tasumise info ja hinnakirja leiate Tallinna Ratsaspordikooli kodulehelt <a href=\"http:\/\/ratsaspordikool.ee\/\">www.ratsaspordikool.ee<\/a><\/span><\/p>\n<p><span style=\"font-family: Times New Roman; font-size: large;\"><h2 id=\"tablepress-2-name\" class=\"tablepress-table-name tablepress-table-name-id-2\">Veskimetsa Ratsakeskuse teenuste hinnakiri t\u00e4iskasvanutele.<\/h2>\n<span id=\"tablepress-2-description\" class=\"tablepress-table-description tablepress-table-description-id-2\">Selgitused hinnakirjale<br \/>\nT\u00e4iskasvanud: 18.aastased ja vanemad<br \/>\nAbonementide kehtivus on 3 kuud selle v\u00e4ljakirjutamise kuup\u00e4evast.<br \/>\nRatsutamistund\/hobujalutus = 45 minutit<\/span>\n\n<table id=\"tablepress-2\" class=\"tablepress tablepress-id-2\" aria-labelledby=\"tablepress-2-name\" aria-describedby=\"tablepress-2-description\">\n<thead>\n<tr class=\"row-1 odd\">\n\t<th class=\"column-1\">TEENUS<\/th><th class=\"column-2\">HIND al.1.07.2025<\/th><th class=\"column-3\">M\u00e4rkused<\/th>\n<\/tr>\n<\/thead>\n<tbody class=\"row-hover\">\n<tr class=\"row-2 even\">\n\t<td class=\"column-1\">Ratsutamistund t\u00e4iskasvanutele grupis<\/td><td class=\"column-2\">47 EUR<\/td><td class=\"column-3\"><\/td>\n<\/tr>\n<tr class=\"row-3 odd\">\n\t<td class=\"column-1\">Ratsutamistund t\u00e4iskasvanutele individuaalselt<\/td><td class=\"column-2\">67 EUR<\/td><td class=\"column-3\">Kokkuleppel treeneriga tunniplaani v\u00e4liselt<\/td>\n<\/tr>\n<tr class=\"row-4 even\">\n\t<td class=\"column-1\">H\u00fcppetund t\u00e4iskasvanutele grupis<\/td><td class=\"column-2\">57 EUR<\/td><td class=\"column-3\"><\/td>\n<\/tr>\n<tr class=\"row-5 odd\">\n\t<td class=\"column-1\">Ratsutamistunni abonement t\u00e4iskasvanutele grupis<br \/>\n(10x tavatund)<\/td><td class=\"column-2\">423 EUR<\/td><td class=\"column-3\"><\/td>\n<\/tr>\n<tr class=\"row-6 even\">\n\t<td class=\"column-1\">H\u00fcppetreeningu juurdemaks tavatunni abonemendile<\/td><td class=\"column-2\">12 EUR<\/td><td class=\"column-3\"><\/td>\n<\/tr>\n<tr class=\"row-7 odd\">\n\t<td class=\"column-1\">Hobuse rent v\u00f5istlustel<\/td><td class=\"column-2\">\u00dcksiktunni hind<\/td><td class=\"column-3\">Ainult Ratsakeskuse klientidele<\/td>\n<\/tr>\n<tr class=\"row-8 even\">\n\t<td class=\"column-1\">Kinkekaart<\/td><td class=\"column-2\">Kliendi poolt valitud ratsutamistund v\u00f5i tunnid<\/td><td class=\"column-3\">Kehtivus on 6 kuud<\/td>\n<\/tr>\n<tr class=\"row-9 odd\">\n\t<td class=\"column-1\">Laste s\u00fcnnip\u00e4eva pidamine:<br \/>\n(info allpool)<\/td><td class=\"column-2\"><\/td><td class=\"column-3\"><\/td>\n<\/tr>\n<tr class=\"row-10 even\">\n\t<td class=\"column-1\">    a)  L\u00fchike s\u00fcnnip\u00e4ev<\/td><td class=\"column-2\">208 EUR<\/td><td class=\"column-3\"><\/td>\n<\/tr>\n<tr class=\"row-11 odd\">\n\t<td class=\"column-1\">    b)  Pikk s\u00fcnnip\u00e4ev<\/td><td class=\"column-2\">249 EUR<\/td><td class=\"column-3\"><\/td>\n<\/tr>\n<tr class=\"row-12 even\">\n\t<td class=\"column-1\">Hobuse\/poniga jalutus<\/td><td class=\"column-2\">60 EUR<\/td><td class=\"column-3\">45 min.<\/td>\n<\/tr>\n<tr class=\"row-13 odd\">\n\t<td class=\"column-1\">Hobuse boksirent 1 \u00f6\u00f6p\u00e4ev<\/td><td class=\"column-2\">35 EUR<\/td><td class=\"column-3\"><\/td>\n<\/tr>\n<tr class=\"row-14 even\">\n\t<td class=\"column-1\">Hobuse boksirent 1 kuu <\/td><td class=\"column-2\">576.60<\/td><td class=\"column-3\">Vajalik lepingu s\u00f5lmimine<\/td>\n<\/tr>\n<tr class=\"row-15 odd\">\n\t<td class=\"column-1\">Manee\u017ei v\u00f5i v\u00e4ljaku kasutamine 1 tund<\/td><td class=\"column-2\">25 EUR 1hobune\/poni<\/td><td class=\"column-3\">Ei kehti lepingulistele klientidele.<\/td>\n<\/tr>\n<tr class=\"row-16 even\">\n\t<td class=\"column-1\">Talliekskursioon kuni 15 in.<\/td><td class=\"column-2\">11 EUR\/1 in.<\/td><td class=\"column-3\">Ekskursiooni korraldatakse alates 5 in.grupis v\u00f5i al.50 eurost.<\/td>\n<\/tr>\n<\/tbody>\n<\/table>\n<!-- #tablepress-2 from cache --><br \/>\n<\/span><\/p>\n<p>K\u00f5ik hinnad sisaldavad k\u00e4ibemaksu.<\/p>\n<p><strong>Laste s\u00fcnnip\u00e4evad:<br \/>\n<\/strong><\/p>\n<p align=\"LEFT\"><span style=\"text-decoration: underline;\"><em>L\u00fchike s\u00fcnnip\u00e4ev<\/em><\/span><\/p>\n<p align=\"LEFT\">Sisaldab: ratsutamine, talliekskursioon, ruumide rent<br \/>\nKestvus: 2 tundi<br \/>\nBaashind on 208 EUR. Sisaldab \u00fcrituse eelorganiseerimist, l\u00e4biviimist, ruumide renti, talliekskursiooni, ratsutamist 1 hobuse\/poniga.<\/p>\n<p align=\"LEFT\"><span style=\"text-decoration: underline;\"><em>Pikk s\u00fcnnip\u00e4ev<\/em><\/span><\/p>\n<p align=\"LEFT\">Sisaldab: ratsutamine, talliekskursioon, pildim\u00e4ng, hobuste harjamine, ruumide rent<br \/>\nKestvus: 3 tundi<br \/>\nBaashind on 249 EUR. Sisaldab \u00fcrituse eelorganiseerimist, l\u00e4biviimist, ruumide renti, talliekskursiooni, m\u00e4ngu, harjamist, ratsutamist 1 hobuse\/poniga.<\/p>\n<p align=\"LEFT\">Info ja tellimine e-mailil <a href=\"mailto:Irina@veskimetsa.ee\">Irina@veskimetsa.ee<\/a><\/p>\n<hr \/>\n<p align=\"LEFT\"><strong>K\u00f5igi teenuste eest saab tasuda:<\/strong><\/p>\n<p align=\"LEFT\">a) Sularahas kassasse<\/p>\n<p align=\"LEFT\">b) \u00fclekandega: Veskimetsa Tall O\u00dc, SWEDBANK,\u00a0EE822200221062495869<br \/>\nVajalik treenerile enne tunni toimumist esitada makskorralduse koopia paberkandjal v\u00f5i elektrooniliselt treenerid@veskimetsa.ee<\/p>\n<p align=\"LEFT\">c) Kaardimakse<\/p>\n","protected":false},"excerpt":{"rendered":"<p>LASTE ratsutamistunde korraldab Tallinna Ratsaspordikool. Allolevas tabelist on hinnad ainult t\u00e4iskasvanutele. Laste ratsutamistingimused, tasumise info ja hinnakirja leiate Tallinna Ratsaspordikooli [&hellip;]<\/p>\n","protected":false},"author":2,"featured_media":0,"parent":0,"menu_order":0,"comment_status":"closed","ping_status":"open","template":"","meta":{"site-sidebar-layout":"default","site-content-layout":"","ast-site-content-layout":"","site-content-style":"default","site-sidebar-style":"default","ast-global-header-display":"","ast-banner-title-visibility":"","ast-main-header-display":"","ast-hfb-above-header-display":"","ast-hfb-below-header-display":"","ast-hfb-mobile-header-display":"","site-post-title":"","ast-breadcrumbs-content":"","ast-featured-img":"","footer-sml-layout":"","theme-transparent-header-meta":"","adv-header-id-meta":"","stick-header-meta":"","header-above-stick-meta":"","header-main-stick-meta":"","header-below-stick-meta":"","astra-migrate-meta-layouts":"default","ast-page-background-enabled":"default","ast-page-background-meta":{"desktop":{"background-color":"var(--ast-global-color-4)","background-image":"","background-repeat":"repeat","background-position":"center center","background-size":"auto","background-attachment":"scroll","background-type":"","background-media":"","overlay-type":"","overlay-color":"","overlay-opacity":"","overlay-gradient":""},"tablet":{"background-color":"","background-image":"","background-repeat":"repeat","background-position":"center center","background-size":"auto","background-attachment":"scroll","background-type":"","background-media":"","overlay-type":"","overlay-color":"","overlay-opacity":"","overlay-gradient":""},"mobile":{"background-color":"","background-image":"","background-repeat":"repeat","background-position":"center center","background-size":"auto","background-attachment":"scroll","background-type":"","background-media":"","overlay-type":"","overlay-color":"","overlay-opacity":"","overlay-gradient":""}},"ast-content-background-meta":{"desktop":{"background-color":"var(--ast-global-color-5)","background-image":"","background-repeat":"repeat","background-position":"center center","background-size":"auto","background-attachment":"scroll","background-type":"","background-media":"","overlay-type":"","overlay-color":"","overlay-opacity":"","overlay-gradient":""},"tablet":{"background-color":"var(--ast-global-color-5)","background-image":"","background-repeat":"repeat","background-position":"center center","background-size":"auto","background-attachment":"scroll","background-type":"","background-media":"","overlay-type":"","overlay-color":"","overlay-opacity":"","overlay-gradient":""},"mobile":{"background-color":"var(--ast-global-color-5)","background-image":"","background-repeat":"repeat","background-position":"center center","background-size":"auto","background-attachment":"scroll","background-type":"","background-media":"","overlay-type":"","overlay-color":"","overlay-opacity":"","overlay-gradient":""}},"footnotes":""},"class_list":["post-7","page","type-page","status-publish","hentry"],"_links":{"self":[{"href":"https:\/\/veskimetsa.ee\/WP\/wp-json\/wp\/v2\/pages\/7","targetHints":{"allow":["GET"]}}],"collection":[{"href":"https:\/\/veskimetsa.ee\/WP\/wp-json\/wp\/v2\/pages"}],"about":[{"href":"https:\/\/veskimetsa.ee\/WP\/wp-json\/wp\/v2\/types\/page"}],"author":[{"embeddable":true,"href":"https:\/\/veskimetsa.ee\/WP\/wp-json\/wp\/v2\/users\/2"}],"replies":[{"embeddable":true,"href":"https:\/\/veskimetsa.ee\/WP\/wp-json\/wp\/v2\/comments?post=7"}],"version-history":[{"count":33,"href":"https:\/\/veskimetsa.ee\/WP\/wp-json\/wp\/v2\/pages\/7\/revisions"}],"predecessor-version":[{"id":552,"href":"https:\/\/veskimetsa.ee\/WP\/wp-json\/wp\/v2\/pages\/7\/revisions\/552"}],"wp:attachment":[{"href":"https:\/\/veskimetsa.ee\/WP\/wp-json\/wp\/v2\/media?parent=7"}],"curies":[{"name":"wp","href":"https:\/\/api.w.org\/{rel}","templated":true}]}}