{"id":77,"date":"2014-09-29T20:58:18","date_gmt":"2014-09-29T20:58:18","guid":{"rendered":"http:\/\/veskimetsa.ee\/?page_id=77"},"modified":"2022-08-31T15:48:47","modified_gmt":"2022-08-31T15:48:47","slug":"tunniplaan","status":"publish","type":"page","link":"https:\/\/veskimetsa.ee\/WP\/tunniplaan\/","title":{"rendered":"Tunniplaan"},"content":{"rendered":"<p>Ratsutamistunnid t\u00e4iskasvanutele toimuvad t\u00f6\u00f6p\u00e4eviti kell 19:00 v\u00f5i 20:00. T\u00e4psem info treener Pille Elsonilt. Esmasp\u00e4eval ja reedel toimuvad tunnid t\u00e4iskasvanutele ka hommikuti kell 11:00<\/p>\n<p>T\u00e4iskasvanute ratsutamistundidesse registreerimiseks palun saatke e-mail: treenerid@veskimetsa.ee<\/p>\n<p>T\u00e4iskasvanute treener on Pille Elson, Pille@veskimetsa.ee<br \/>\nLaste treeningute ja tundidesse registreerimise info leiate <a href=\"http:\/\/ratsaspordikool.ee\/\">Ratsaspordikooli<\/a> kodulehelt.<\/p>\n","protected":false},"excerpt":{"rendered":"<p>Ratsutamistunnid t\u00e4iskasvanutele toimuvad t\u00f6\u00f6p\u00e4eviti kell 19:00 v\u00f5i 20:00. T\u00e4psem info treener Pille Elsonilt. Esmasp\u00e4eval ja reedel toimuvad tunnid t\u00e4iskasvanutele ka [&hellip;]<\/p>\n","protected":false},"author":2,"featured_media":0,"parent":0,"menu_order":0,"comment_status":"closed","ping_status":"open","template":"","meta":{"site-sidebar-layout":"default","site-content-layout":"","ast-site-content-layout":"","site-content-style":"default","site-sidebar-style":"default","ast-global-header-display":"","ast-banner-title-visibility":"","ast-main-header-display":"","ast-hfb-above-header-display":"","ast-hfb-below-header-display":"","ast-hfb-mobile-header-display":"","site-post-title":"","ast-breadcrumbs-content":"","ast-featured-img":"","footer-sml-layout":"","theme-transparent-header-meta":"","adv-header-id-meta":"","stick-header-meta":"","header-above-stick-meta":"","header-main-stick-meta":"","header-below-stick-meta":"","astra-migrate-meta-layouts":"default","ast-page-background-enabled":"default","ast-page-background-meta":{"desktop":{"background-color":"var(--ast-global-color-4)","background-image":"","background-repeat":"repeat","background-position":"center center","background-size":"auto","background-attachment":"scroll","background-type":"","background-media":"","overlay-type":"","overlay-color":"","overlay-opacity":"","overlay-gradient":""},"tablet":{"background-color":"","background-image":"","background-repeat":"repeat","background-position":"center center","background-size":"auto","background-attachment":"scroll","background-type":"","background-media":"","overlay-type":"","overlay-color":"","overlay-opacity":"","overlay-gradient":""},"mobile":{"background-color":"","background-image":"","background-repeat":"repeat","background-position":"center center","background-size":"auto","background-attachment":"scroll","background-type":"","background-media":"","overlay-type":"","overlay-color":"","overlay-opacity":"","overlay-gradient":""}},"ast-content-background-meta":{"desktop":{"background-color":"var(--ast-global-color-5)","background-image":"","background-repeat":"repeat","background-position":"center center","background-size":"auto","background-attachment":"scroll","background-type":"","background-media":"","overlay-type":"","overlay-color":"","overlay-opacity":"","overlay-gradient":""},"tablet":{"background-color":"var(--ast-global-color-5)","background-image":"","background-repeat":"repeat","background-position":"center center","background-size":"auto","background-attachment":"scroll","background-type":"","background-media":"","overlay-type":"","overlay-color":"","overlay-opacity":"","overlay-gradient":""},"mobile":{"background-color":"var(--ast-global-color-5)","background-image":"","background-repeat":"repeat","background-position":"center center","background-size":"auto","background-attachment":"scroll","background-type":"","background-media":"","overlay-type":"","overlay-color":"","overlay-opacity":"","overlay-gradient":""}},"footnotes":""},"class_list":["post-77","page","type-page","status-publish","hentry"],"_links":{"self":[{"href":"https:\/\/veskimetsa.ee\/WP\/wp-json\/wp\/v2\/pages\/77","targetHints":{"allow":["GET"]}}],"collection":[{"href":"https:\/\/veskimetsa.ee\/WP\/wp-json\/wp\/v2\/pages"}],"about":[{"href":"https:\/\/veskimetsa.ee\/WP\/wp-json\/wp\/v2\/types\/page"}],"author":[{"embeddable":true,"href":"https:\/\/veskimetsa.ee\/WP\/wp-json\/wp\/v2\/users\/2"}],"replies":[{"embeddable":true,"href":"https:\/\/veskimetsa.ee\/WP\/wp-json\/wp\/v2\/comments?post=77"}],"version-history":[{"count":14,"href":"https:\/\/veskimetsa.ee\/WP\/wp-json\/wp\/v2\/pages\/77\/revisions"}],"predecessor-version":[{"id":498,"href":"https:\/\/veskimetsa.ee\/WP\/wp-json\/wp\/v2\/pages\/77\/revisions\/498"}],"wp:attachment":[{"href":"https:\/\/veskimetsa.ee\/WP\/wp-json\/wp\/v2\/media?parent=77"}],"curies":[{"name":"wp","href":"https:\/\/api.w.org\/{rel}","templated":true}]}}