{"id":85,"date":"2014-09-29T21:18:28","date_gmt":"2014-09-29T21:18:28","guid":{"rendered":"http:\/\/veskimetsa.ee\/?page_id=85"},"modified":"2025-12-15T14:23:19","modified_gmt":"2025-12-15T14:23:19","slug":"treenerid","status":"publish","type":"page","link":"https:\/\/veskimetsa.ee\/WP\/treenerid\/","title":{"rendered":"TREENERID"},"content":{"rendered":"<p class=\"western\"><span style=\"color: #fe3702;\"><span style=\"font-family: Trebuchet MS, serif;\"><span style=\"font-size: small;\"><b>NB! Treenerid vastavad mobiilik\u00f5nedele m\u00e4rgitud aegadel! Tundide ajal treenerid \u00fcldjuhul mobiilile ei vasta. Teadete edastamiseks palume saata s\u00f5num!<br \/>\n<\/b><\/span><\/span><\/span><span style=\"color: #fe3702;\"><span style=\"font-family: Trebuchet MS, serif;\"><span style=\"font-size: small;\"><b>Treenerite \u00fcldmeiliaadress on <\/b><\/span><\/span><\/span><span style=\"color: #fe3702;\"><span style=\"font-family: Trebuchet MS, serif;\"><span style=\"font-size: small;\"><span style=\"text-decoration: underline;\"><b>treenerid [at] veskimetsa.ee <\/b><\/span><\/span><\/span><\/span><\/p>\n<p class=\"western\">Veskimetsa Ratsakeskuse\u00a0 ja \u00fchtlasi ka Tallinna Ratsaspordikooli treenerid:<\/p>\n<p><a href=\"https:\/\/veskimetsa.ee\/WP\/wp-content\/uploads\/2014\/10\/pille20081.jpg\" target=\"_blank\" rel=\"noopener noreferrer\"><img loading=\"lazy\" decoding=\"async\" class=\"alignleft wp-image-100 size-medium\" src=\"https:\/\/veskimetsa.ee\/WP\/wp-content\/uploads\/2014\/10\/pille20081-200x300.jpg\" alt=\"\" width=\"200\" height=\"300\" srcset=\"https:\/\/veskimetsa.ee\/WP\/wp-content\/uploads\/2014\/10\/pille20081-200x300.jpg 200w, https:\/\/veskimetsa.ee\/WP\/wp-content\/uploads\/2014\/10\/pille20081.jpg 400w\" sizes=\"auto, (max-width: 200px) 100vw, 200px\" \/><\/a><span style=\"color: #fe3702;\"><span style=\"font-family: Trebuchet MS, serif;\"><span style=\"font-size: small;\"><b>PILLE ELSON &#8211; <\/b><\/span><\/span><\/span><span style=\"color: #191919;\"><span style=\"font-family: Trebuchet MS, serif;\"><span style=\"font-size: small;\">vanemtreener, EKR-5\u00a0<\/span><\/span><\/span><em><span style=\"color: #ff0000;\"><span style=\"font-family: Trebuchet MS, serif;\"><span style=\"font-size: small;\"><b><br \/>\n<\/b><\/span><\/span><\/span><\/em><span style=\"color: #191919;\"><span style=\"font-family: Trebuchet MS, serif;\"><span style=\"font-size: small;\">mob: +372 56 483 903 <\/span><\/span><\/span><span style=\"color: #191919;\"><span style=\"font-family: Trebuchet MS, serif;\"><span style=\"font-size: small;\"><span style=\"text-decoration: underline;\">E-R 13.00-18.00, e-mail Pille@veskimetsa.ee<\/span><\/span><\/span><\/span><span style=\"color: #191919;\"><span style=\"font-family: Trebuchet MS, serif;\"><span style=\"font-size: small;\"><br \/>\n\u00d5petab p\u00f5hiliselt t\u00e4iskasvanuid ja neid, kes oskavad juba paremini ratsutada.<br \/>\nPille r\u00e4\u00e4gib h\u00e4sti eesti, soome, vene ja inglise keelt.<br \/>\nPille on tegelenud p\u00f5hiliselt takistuss\u00f5iduga.<\/span><\/span><\/span><\/p>\n<p>&nbsp;<\/p>\n<p>&nbsp;<\/p>\n<p>&nbsp;<\/p>\n<p>&nbsp;<\/p>\n<p><span style=\"color: #fe3702;\"><span style=\"font-family: Trebuchet MS, serif;\"><span style=\"font-size: small;\"><b><a href=\"https:\/\/veskimetsa.ee\/WP\/wp-content\/uploads\/2014\/10\/untitled.png\" target=\"_blank\" rel=\"noopener noreferrer\"><img loading=\"lazy\" decoding=\"async\" class=\"alignleft wp-image-112\" src=\"https:\/\/veskimetsa.ee\/WP\/wp-content\/uploads\/2014\/10\/untitled.png\" alt=\"\" width=\"183\" height=\"275\" \/><\/a><\/b><\/span><\/span><\/span><span style=\"color: #fe3702;\"><span style=\"font-family: Trebuchet MS, serif;\"><span style=\"font-size: small;\"><b>KRISTIINA PROHHOROVA<\/b><span style=\"color: #191919;\"><span style=\"font-family: Trebuchet MS, serif;\"><span style=\"font-size: small;\"> &#8211; <\/span><\/span><\/span><span style=\"color: #191919;\"><span style=\"font-family: Trebuchet MS, serif;\"><span style=\"font-size: small;\">treener, EKR-5, lapsehoolduspuhkusel<\/span><\/span><\/span><span style=\"color: #fe3702;\"><span style=\"font-family: Trebuchet MS, serif;\"><span style=\"font-size: small;\"><br \/>\n<\/span><\/span><\/span><span style=\"color: #191919;\"><span style=\"font-family: Trebuchet MS, serif;\"><span style=\"font-size: small;\">Kristiina \u00f5petab algajaid ja edasij\u00f5udnud lapsi.<br \/>\nTemalt on v\u00f5imalik v\u00f5tta nii algtaseme, kui ka edasij\u00f5udnute koolis\u00f5idu eratunde.<br \/>\nKristiina \u00f5petab hobuseid, kellega v\u00f5istleb ise v\u00f5i \u00f5pilased koolis\u00f5idus.<br \/>\nValdab eesti ja vene keelt.<br \/>\n<\/span><\/span><\/span><b><\/b><\/span><\/span><\/span><\/p>\n<p>&nbsp;<\/p>\n<p>&nbsp;<\/p>\n<p>&nbsp;<\/p>\n<p>&nbsp;<\/p>\n<p><span style=\"color: #191919;\"><span style=\"font-family: Trebuchet MS, serif;\"><span style=\"font-size: small;\"><span style=\"color: #ff0000;\"><strong><a href=\"https:\/\/veskimetsa.ee\/WP\/wp-content\/uploads\/2021\/07\/209151881_270314468182667_8642016718204723270_n.jpg\"><img loading=\"lazy\" decoding=\"async\" class=\"alignleft size-medium wp-image-461\" src=\"https:\/\/veskimetsa.ee\/WP\/wp-content\/uploads\/2021\/07\/209151881_270314468182667_8642016718204723270_n-200x300.jpg\" alt=\"\" width=\"200\" height=\"300\" srcset=\"https:\/\/veskimetsa.ee\/WP\/wp-content\/uploads\/2021\/07\/209151881_270314468182667_8642016718204723270_n-200x300.jpg 200w, https:\/\/veskimetsa.ee\/WP\/wp-content\/uploads\/2021\/07\/209151881_270314468182667_8642016718204723270_n.jpg 403w\" sizes=\"auto, (max-width: 200px) 100vw, 200px\" \/><\/a>JANA VASSILJEVA<\/strong><\/span>, ratsakooli direktor, EKR-5 taseme treener. A- ja ABC-kursuse, alg\u00f5ppe ja edasij\u00f5udnute lastegruppide treener. Vajadusel annab tunde ka t\u00e4iskasvanutele.<br \/>\nValdab eesti, vene ja inglise keelt<br \/>\n<\/span><\/span><\/span><span style=\"color: #191919;\"><span style=\"font-family: Trebuchet MS, serif;\"><span style=\"font-size: small;\">Temaga saab \u00fchendust e-mailil: <strong><a href=\"mailto:Jana@ratsaspordikool.ee\"><span style=\"color: #ff0000;\">Jana@ratsaspordikool.ee<\/span><\/a><\/strong>\u00a0 mob.568 00752<\/span><\/span><\/span><\/p>\n<p>&nbsp;<\/p>\n<p>&nbsp;<\/p>\n<p>&nbsp;<\/p>\n<p>&nbsp;<\/p>\n<p><span style=\"color: #fe3702;\"><span style=\"font-family: Trebuchet MS, serif;\"><span style=\"font-size: small;\"><b><a href=\"https:\/\/veskimetsa.ee\/WP\/wp-content\/uploads\/2014\/10\/TherjeProhorova1.jpg\" target=\"_blank\" rel=\"noopener noreferrer\"><img loading=\"lazy\" decoding=\"async\" class=\"alignleft wp-image-106 size-medium\" src=\"https:\/\/veskimetsa.ee\/WP\/wp-content\/uploads\/2014\/10\/TherjeProhorova1-300x284.jpg\" alt=\"\" width=\"300\" height=\"284\" srcset=\"https:\/\/veskimetsa.ee\/WP\/wp-content\/uploads\/2014\/10\/TherjeProhorova1-300x284.jpg 300w, https:\/\/veskimetsa.ee\/WP\/wp-content\/uploads\/2014\/10\/TherjeProhorova1.jpg 350w\" sizes=\"auto, (max-width: 300px) 100vw, 300px\" \/><\/a><\/b><\/span><\/span><\/span><span style=\"color: #fe3702;\"><span style=\"font-family: Trebuchet MS, serif;\"><span style=\"font-size: small;\"><b>\u00a0 T<\/b><\/span><\/span><\/span><span style=\"color: #fe3702;\"><span style=\"font-family: Trebuchet MS, serif;\"><span style=\"font-size: small;\"><b>HERJE PROHOROVA\u00a0<\/b><\/span><\/span><\/span><span style=\"color: #191919;\"><span style=\"font-family: Trebuchet MS, serif;\"><span style=\"font-size: small;\"><br \/>\ntreener EKR-6 tase<\/span><\/span><\/span><span style=\"color: #191919;\"><span style=\"font-family: Trebuchet MS, serif;\"><span style=\"font-size: small;\"><span style=\"text-decoration: underline;\"><br \/>\n<\/span><\/span><\/span><\/span><span style=\"color: #191919;\"><span style=\"font-family: Trebuchet MS, serif;\"><span style=\"font-size: small;\">mob: +372 56 599 05 <\/span><\/span><\/span><span style=\"color: #000000;\"><span style=\"font-family: Trebuchet MS, serif;\"><span style=\"font-size: small;\"><span style=\"text-decoration: underline;\"><b>E-R 11-18.00<\/b><\/span><\/span><\/span><\/span><span style=\"color: #191919;\"><span style=\"font-family: Trebuchet MS, serif;\"><span style=\"font-size: small;\">, <\/span><\/span><\/span><a href=\"mailto:Therje@veskimetsa.ee\"><span style=\"color: #fe3702;\"><span style=\"font-family: Trebuchet MS, serif;\"><span style=\"font-size: small;\">Therje@veskimetsa.ee<\/span><\/span><\/span><\/a><span style=\"color: #191919;\"><span style=\"font-family: Trebuchet MS, serif;\"><span style=\"font-size: small;\"><br \/>\nTherjelt on v\u00f5imalik v\u00f5tta individuaaltunde.<br \/>\nVajadusel asendab teisi treenereid. Valdab h\u00e4sti eesti ja vene keelt.<br \/>\nTherje on spetsialiseerunud koolis\u00f5idule<\/span><\/span><\/span><\/p>\n<p>&nbsp;<\/p>\n<p>&nbsp;<\/p>\n<p class=\"western\"><span style=\"color: #fe3702;\"><span style=\"font-family: Trebuchet MS, serif;\"><span style=\"font-size: small;\"><b><a href=\"https:\/\/veskimetsa.ee\/WP\/wp-content\/uploads\/2014\/10\/kostja_veska_kodukale1.jpg\"><img loading=\"lazy\" decoding=\"async\" class=\"alignleft size-medium wp-image-108\" src=\"https:\/\/veskimetsa.ee\/WP\/wp-content\/uploads\/2014\/10\/kostja_veska_kodukale1-300x293.jpg\" alt=\"\" width=\"300\" height=\"293\" srcset=\"https:\/\/veskimetsa.ee\/WP\/wp-content\/uploads\/2014\/10\/kostja_veska_kodukale1-300x293.jpg 300w, https:\/\/veskimetsa.ee\/WP\/wp-content\/uploads\/2014\/10\/kostja_veska_kodukale1.jpg 600w\" sizes=\"auto, (max-width: 300px) 100vw, 300px\" \/><\/a><\/b><\/span><\/span><\/span><span style=\"color: #ff0000;\"><b>\u00a0 KONSTANTIN PROHHOROV\u00a0<\/b><\/span><span style=\"color: #fe3702;\"><span style=\"font-family: Trebuchet MS, serif;\"><span style=\"font-size: small;\"><b><br \/>\n<\/b><\/span><\/span><\/span><span style=\"color: #191919;\"><span style=\"font-family: Trebuchet MS, serif;\"><span style=\"font-size: small;\">treener, EKR-6 tase<\/span><\/span><\/span><span style=\"color: #191919;\"><span style=\"font-family: Trebuchet MS, serif;\"><span style=\"font-size: small;\"><span style=\"text-decoration: underline;\"><br \/>\n<\/span><\/span><\/span><\/span><span style=\"color: #191919;\"><span style=\"font-family: Trebuchet MS, serif;\"><span style=\"font-size: small;\">Konstantin \u00f5petab edasij\u00f5udnud \u00f5pilasi ja vajadusel asendab teisi treenereid.<br \/>\nTreenib valdavalt erahobustel \u00f5pilasi.<br \/>\nValdab vabalt eesti ja vene keelt<br \/>\nKonstantin on spetsialiseerunud takistuss\u00f5idule.<br \/>\nTemaga saab \u00fchendust v\u00f5tta e-maili aadressil <strong><a href=\"mailto:Konstantin.prohhorov@gmail.com\">Konstantin.prohhorov@gmail.com<\/a><\/strong><br \/>\n<\/span><\/span><\/span><\/p>\n<p>&nbsp;<\/p>\n<p>&nbsp;<\/p>\n<p><strong><span style=\"color: #ff0000;\">Kersti Tael<\/span><\/strong>, treener, EKR-3 tase, mob.56619997, e-mail \u00a0taelkersti@gmail.com<br \/>\nT\u00e4iskasvanute eratunnid<span style=\"color: #191919;\"><span style=\"font-family: Trebuchet MS, serif;\"><span style=\"font-size: small;\"><br \/>\n<\/span><\/span><\/span><\/p>\n<p><span style=\"color: #ff0000;\"><strong>Melissa-Marion Amiel<\/strong><\/span>, treener, EKR-5 tase, mob.58092136, Melissa@ratsaspordikool.ee , laste grupitunnid<\/p>\n","protected":false},"excerpt":{"rendered":"<p>NB! Treenerid vastavad mobiilik\u00f5nedele m\u00e4rgitud aegadel! Tundide ajal treenerid \u00fcldjuhul mobiilile ei vasta. Teadete edastamiseks palume saata s\u00f5num! Treenerite \u00fcldmeiliaadress [&hellip;]<\/p>\n","protected":false},"author":2,"featured_media":0,"parent":0,"menu_order":0,"comment_status":"closed","ping_status":"open","template":"","meta":{"site-sidebar-layout":"default","site-content-layout":"","ast-site-content-layout":"","site-content-style":"default","site-sidebar-style":"default","ast-global-header-display":"","ast-banner-title-visibility":"","ast-main-header-display":"","ast-hfb-above-header-display":"","ast-hfb-below-header-display":"","ast-hfb-mobile-header-display":"","site-post-title":"","ast-breadcrumbs-content":"","ast-featured-img":"","footer-sml-layout":"","theme-transparent-header-meta":"","adv-header-id-meta":"","stick-header-meta":"","header-above-stick-meta":"","header-main-stick-meta":"","header-below-stick-meta":"","astra-migrate-meta-layouts":"default","ast-page-background-enabled":"default","ast-page-background-meta":{"desktop":{"background-color":"var(--ast-global-color-4)","background-image":"","background-repeat":"repeat","background-position":"center center","background-size":"auto","background-attachment":"scroll","background-type":"","background-media":"","overlay-type":"","overlay-color":"","overlay-opacity":"","overlay-gradient":""},"tablet":{"background-color":"","background-image":"","background-repeat":"repeat","background-position":"center center","background-size":"auto","background-attachment":"scroll","background-type":"","background-media":"","overlay-type":"","overlay-color":"","overlay-opacity":"","overlay-gradient":""},"mobile":{"background-color":"","background-image":"","background-repeat":"repeat","background-position":"center center","background-size":"auto","background-attachment":"scroll","background-type":"","background-media":"","overlay-type":"","overlay-color":"","overlay-opacity":"","overlay-gradient":""}},"ast-content-background-meta":{"desktop":{"background-color":"var(--ast-global-color-5)","background-image":"","background-repeat":"repeat","background-position":"center center","background-size":"auto","background-attachment":"scroll","background-type":"","background-media":"","overlay-type":"","overlay-color":"","overlay-opacity":"","overlay-gradient":""},"tablet":{"background-color":"var(--ast-global-color-5)","background-image":"","background-repeat":"repeat","background-position":"center center","background-size":"auto","background-attachment":"scroll","background-type":"","background-media":"","overlay-type":"","overlay-color":"","overlay-opacity":"","overlay-gradient":""},"mobile":{"background-color":"var(--ast-global-color-5)","background-image":"","background-repeat":"repeat","background-position":"center center","background-size":"auto","background-attachment":"scroll","background-type":"","background-media":"","overlay-type":"","overlay-color":"","overlay-opacity":"","overlay-gradient":""}},"footnotes":""},"class_list":["post-85","page","type-page","status-publish","hentry"],"_links":{"self":[{"href":"https:\/\/veskimetsa.ee\/WP\/wp-json\/wp\/v2\/pages\/85","targetHints":{"allow":["GET"]}}],"collection":[{"href":"https:\/\/veskimetsa.ee\/WP\/wp-json\/wp\/v2\/pages"}],"about":[{"href":"https:\/\/veskimetsa.ee\/WP\/wp-json\/wp\/v2\/types\/page"}],"author":[{"embeddable":true,"href":"https:\/\/veskimetsa.ee\/WP\/wp-json\/wp\/v2\/users\/2"}],"replies":[{"embeddable":true,"href":"https:\/\/veskimetsa.ee\/WP\/wp-json\/wp\/v2\/comments?post=85"}],"version-history":[{"count":96,"href":"https:\/\/veskimetsa.ee\/WP\/wp-json\/wp\/v2\/pages\/85\/revisions"}],"predecessor-version":[{"id":555,"href":"https:\/\/veskimetsa.ee\/WP\/wp-json\/wp\/v2\/pages\/85\/revisions\/555"}],"wp:attachment":[{"href":"https:\/\/veskimetsa.ee\/WP\/wp-json\/wp\/v2\/media?parent=85"}],"curies":[{"name":"wp","href":"https:\/\/api.w.org\/{rel}","templated":true}]}}