{"id":92,"date":"2014-09-29T21:32:56","date_gmt":"2014-09-29T21:32:56","guid":{"rendered":"http:\/\/veskimetsa.ee\/?page_id=92"},"modified":"2020-11-20T12:25:03","modified_gmt":"2020-11-20T12:25:03","slug":"ekskursioonid","status":"publish","type":"page","link":"https:\/\/veskimetsa.ee\/WP\/ekskursioonid\/","title":{"rendered":"Ekskursioonid"},"content":{"rendered":"<p class=\"western\"><span style=\"color: #191919;\"><span style=\"font-family: Trebuchet MS, serif;\"><span style=\"font-size: small;\">Kas olete kunagi oma silmaga n\u00e4inud, kuidas hobune suures ratsakeskuses elab, mis ta seal teeb, kui tihti tallist v\u00e4lja saab, palju s\u00f6\u00f6b, kuidas magab, palju maksta v\u00f5ib, kes on talle s\u00f5pradeks, on ta vahel kuri, mismoodi ratsasportlased trenni teevad?<br \/>\nMilline on \u00fcks t\u00f5eliselt suur hobune v\u00f5i v\u00e4ga tilluke poni?<br \/>\nNendele ja paljudele muudele k\u00fcsimustele saab vastused, kui k\u00fclastate Veskimetsa Ratsakeskust.<br \/>\nEkskursiooni pikkus on olenevalt soovist v\u00f5i kuulajate huvist 30-60 min.<\/span><\/span><\/span><\/p>\n<p><span style=\"color: #fe3702;\"><span style=\"font-family: Trebuchet MS, serif;\"><span style=\"font-size: small;\"><b>Kellele &gt;&gt; <\/b><\/span><\/span><\/span><span style=\"color: #191919;\"><span style=\"font-family: Trebuchet MS, serif;\"><span style=\"font-size: small;\">Lihtne vastus &#8211; k\u00f5igile! Talli v\u00f5ib k\u00fclla tulla iga\u00fcks, peaasi, et on huvi n\u00e4ha ja kuulda, mida hobune linnas teeb ning millised on tema harjumused ja iseloomuomadused.<\/span><\/span><\/span><\/p>\n<p><span style=\"color: #fe3702;\"><span style=\"font-family: Trebuchet MS, serif;\"><span style=\"font-size: small;\"><b>Millal &gt;&gt;<\/b><\/span><\/span><\/span><span style=\"color: #191919;\"><span style=\"font-family: Trebuchet MS, serif;\"><span style=\"font-size: small;\"> Meile ette\u00a0teatades saate kinni panna enda jaoks sobivaima aja. Soovitame oma tulekust ette teatada n\u00e4dal aega varem.<\/span><\/span><\/span><\/p>\n<p>Saada soovikohane e-mail Info@veskimetsa.ee<\/p>\n","protected":false},"excerpt":{"rendered":"<p>Kas olete kunagi oma silmaga n\u00e4inud, kuidas hobune suures ratsakeskuses elab, mis ta seal teeb, kui tihti tallist v\u00e4lja saab, [&hellip;]<\/p>\n","protected":false},"author":2,"featured_media":0,"parent":0,"menu_order":0,"comment_status":"closed","ping_status":"open","template":"","meta":{"site-sidebar-layout":"default","site-content-layout":"","ast-site-content-layout":"","site-content-style":"default","site-sidebar-style":"default","ast-global-header-display":"","ast-banner-title-visibility":"","ast-main-header-display":"","ast-hfb-above-header-display":"","ast-hfb-below-header-display":"","ast-hfb-mobile-header-display":"","site-post-title":"","ast-breadcrumbs-content":"","ast-featured-img":"","footer-sml-layout":"","theme-transparent-header-meta":"","adv-header-id-meta":"","stick-header-meta":"","header-above-stick-meta":"","header-main-stick-meta":"","header-below-stick-meta":"","astra-migrate-meta-layouts":"default","ast-page-background-enabled":"default","ast-page-background-meta":{"desktop":{"background-color":"var(--ast-global-color-4)","background-image":"","background-repeat":"repeat","background-position":"center center","background-size":"auto","background-attachment":"scroll","background-type":"","background-media":"","overlay-type":"","overlay-color":"","overlay-opacity":"","overlay-gradient":""},"tablet":{"background-color":"","background-image":"","background-repeat":"repeat","background-position":"center center","background-size":"auto","background-attachment":"scroll","background-type":"","background-media":"","overlay-type":"","overlay-color":"","overlay-opacity":"","overlay-gradient":""},"mobile":{"background-color":"","background-image":"","background-repeat":"repeat","background-position":"center center","background-size":"auto","background-attachment":"scroll","background-type":"","background-media":"","overlay-type":"","overlay-color":"","overlay-opacity":"","overlay-gradient":""}},"ast-content-background-meta":{"desktop":{"background-color":"var(--ast-global-color-5)","background-image":"","background-repeat":"repeat","background-position":"center center","background-size":"auto","background-attachment":"scroll","background-type":"","background-media":"","overlay-type":"","overlay-color":"","overlay-opacity":"","overlay-gradient":""},"tablet":{"background-color":"var(--ast-global-color-5)","background-image":"","background-repeat":"repeat","background-position":"center center","background-size":"auto","background-attachment":"scroll","background-type":"","background-media":"","overlay-type":"","overlay-color":"","overlay-opacity":"","overlay-gradient":""},"mobile":{"background-color":"var(--ast-global-color-5)","background-image":"","background-repeat":"repeat","background-position":"center center","background-size":"auto","background-attachment":"scroll","background-type":"","background-media":"","overlay-type":"","overlay-color":"","overlay-opacity":"","overlay-gradient":""}},"footnotes":""},"class_list":["post-92","page","type-page","status-publish","hentry"],"_links":{"self":[{"href":"https:\/\/veskimetsa.ee\/WP\/wp-json\/wp\/v2\/pages\/92","targetHints":{"allow":["GET"]}}],"collection":[{"href":"https:\/\/veskimetsa.ee\/WP\/wp-json\/wp\/v2\/pages"}],"about":[{"href":"https:\/\/veskimetsa.ee\/WP\/wp-json\/wp\/v2\/types\/page"}],"author":[{"embeddable":true,"href":"https:\/\/veskimetsa.ee\/WP\/wp-json\/wp\/v2\/users\/2"}],"replies":[{"embeddable":true,"href":"https:\/\/veskimetsa.ee\/WP\/wp-json\/wp\/v2\/comments?post=92"}],"version-history":[{"count":3,"href":"https:\/\/veskimetsa.ee\/WP\/wp-json\/wp\/v2\/pages\/92\/revisions"}],"predecessor-version":[{"id":425,"href":"https:\/\/veskimetsa.ee\/WP\/wp-json\/wp\/v2\/pages\/92\/revisions\/425"}],"wp:attachment":[{"href":"https:\/\/veskimetsa.ee\/WP\/wp-json\/wp\/v2\/media?parent=92"}],"curies":[{"name":"wp","href":"https:\/\/api.w.org\/{rel}","templated":true}]}}